{"id":8964,"date":"2026-04-01T02:33:33","date_gmt":"2026-04-01T02:33:33","guid":{"rendered":"https:\/\/lacasadelscreen.com\/sitio\/projects\/"},"modified":"2026-04-05T18:06:46","modified_gmt":"2026-04-05T18:06:46","slug":"cursos","status":"publish","type":"page","link":"https:\/\/lacasadelscreen.com\/sitio\/cursos\/","title":{"rendered":"Cursos"},"content":{"rendered":"\t\t<div data-elementor-type=\"wp-page\" data-elementor-id=\"8964\" class=\"elementor elementor-8964\" data-elementor-post-type=\"page\">\n\t\t\t\t<div class=\"elementor-element elementor-element-c8f2642 e-flex e-con-boxed e-con e-parent\" data-id=\"c8f2642\" data-element_type=\"container\" data-e-type=\"container\" data-settings=\"{&quot;background_background&quot;:&quot;classic&quot;}\">\n\t\t\t\t\t<div class=\"e-con-inner\">\n\t\t\t\t<div class=\"elementor-element elementor-element-9c81f71 elementor-widget elementor-widget-heading\" data-id=\"9c81f71\" data-element_type=\"widget\" data-e-type=\"widget\" data-widget_type=\"heading.default\">\n\t\t\t\t\t<h1 class=\"elementor-heading-title elementor-size-default\">CURSO BASICO DE\nSERIGRAF\u00cdA<\/h1>\t\t\t\t<\/div>\n\t\t\t\t<div class=\"elementor-element elementor-element-d559c88 elementor-widget elementor-widget-button\" data-id=\"d559c88\" data-element_type=\"widget\" data-e-type=\"widget\" data-widget_type=\"button.default\">\n\t\t\t\t\t\t\t\t\t\t<a class=\"elementor-button elementor-button-link elementor-size-sm\" href=\"#\">\n\t\t\t\t\t\t<span class=\"elementor-button-content-wrapper\">\n\t\t\t\t\t\t<span class=\"elementor-button-icon\">\n\t\t\t\t<svg aria-hidden=\"true\" class=\"e-font-icon-svg e-fas-map-marker-alt\" viewBox=\"0 0 384 512\" xmlns=\"http:\/\/www.w3.org\/2000\/svg\"><path d=\"M172.268 501.67C26.97 291.031 0 269.413 0 192 0 85.961 85.961 0 192 0s192 85.961 192 192c0 77.413-26.97 99.031-172.268 309.67-9.535 13.774-29.93 13.773-39.464 0zM192 272c44.183 0 80-35.817 80-80s-35.817-80-80-80-80 35.817-80 80 35.817 80 80 80z\"><\/path><\/svg>\t\t\t<\/span>\n\t\t\t\t\t\t\t\t\t<span class=\"elementor-button-text\">PRESENCIAL EN: BOGOT\u00c1 Y MEDELL\u00cdN<\/span>\n\t\t\t\t\t<\/span>\n\t\t\t\t\t<\/a>\n\t\t\t\t\t\t\t\t<\/div>\n\t\t\t\t\t<\/div>\n\t\t\t\t<\/div>\n\t\t<div class=\"elementor-element elementor-element-230eb79 e-flex e-con-boxed e-con e-parent\" data-id=\"230eb79\" data-element_type=\"container\" data-e-type=\"container\" data-settings=\"{&quot;background_background&quot;:&quot;classic&quot;}\">\n\t\t\t\t\t<div class=\"e-con-inner\">\n\t\t\t\t<div class=\"elementor-element elementor-element-b3e8bfa elementor-position-inline-start elementor-mobile-position-inline-start elementor-view-default elementor-widget elementor-widget-icon-box\" data-id=\"b3e8bfa\" data-element_type=\"widget\" data-e-type=\"widget\" data-widget_type=\"icon-box.default\">\n\t\t\t\t\t\t\t<div class=\"elementor-icon-box-wrapper\">\n\n\t\t\t\t\t\t<div class=\"elementor-icon-box-icon\">\n\t\t\t\t<span  class=\"elementor-icon\">\n\t\t\t\t<svg aria-hidden=\"true\" class=\"e-font-icon-svg e-fas-leaf\" viewBox=\"0 0 576 512\" xmlns=\"http:\/\/www.w3.org\/2000\/svg\"><path d=\"M546.2 9.7c-5.6-12.5-21.6-13-28.3-1.2C486.9 62.4 431.4 96 368 96h-80C182 96 96 182 96 288c0 7 .8 13.7 1.5 20.5C161.3 262.8 253.4 224 384 224c8.8 0 16 7.2 16 16s-7.2 16-16 16C132.6 256 26 410.1 2.4 468c-6.6 16.3 1.2 34.9 17.5 41.6 16.4 6.8 35-1.1 41.8-17.3 1.5-3.6 20.9-47.9 71.9-90.6 32.4 43.9 94 85.8 174.9 77.2C465.5 467.5 576 326.7 576 154.3c0-50.2-10.8-102.2-29.8-144.6z\"><\/path><\/svg>\t\t\t\t<\/span>\n\t\t\t<\/div>\n\t\t\t\n\t\t\t\t\t\t<div class=\"elementor-icon-box-content\">\n\n\t\t\t\t\t\t\t\t\t<p class=\"elementor-icon-box-title\">\n\t\t\t\t\t\t<span  >\n\t\t\t\t\t\t\tOur Projects\t\t\t\t\t\t<\/span>\n\t\t\t\t\t<\/p>\n\t\t\t\t\n\t\t\t\t\n\t\t\t<\/div>\n\t\t\t\n\t\t<\/div>\n\t\t\t\t\t\t<\/div>\n\t\t\t\t<div class=\"elementor-element elementor-element-a2126b7 elementor-widget elementor-widget-heading\" data-id=\"a2126b7\" data-element_type=\"widget\" data-e-type=\"widget\" data-widget_type=\"heading.default\">\n\t\t\t\t\t<h2 class=\"elementor-heading-title elementor-size-default\">Our Stunning Projects<\/h2>\t\t\t\t<\/div>\n\t\t<div class=\"elementor-element elementor-element-1966f47 e-grid e-con-full e-con e-child\" data-id=\"1966f47\" data-element_type=\"container\" data-e-type=\"container\">\n\t\t\t\t<div class=\"elementor-element elementor-element-3ac1287 elementor-widget elementor-widget-image\" data-id=\"3ac1287\" data-element_type=\"widget\" data-e-type=\"widget\" data-widget_type=\"image.default\">\n\t\t\t\t\t\t\t\t\t\t\t\t\t\t\t<img fetchpriority=\"high\" decoding=\"async\" width=\"506\" height=\"333\" src=\"https:\/\/lacasadelscreen.com\/sitio\/wp-content\/uploads\/2025\/03\/projects-1.jpg\" class=\"attachment-full size-full wp-image-393\" alt=\"projects 1\" srcset=\"https:\/\/lacasadelscreen.com\/sitio\/wp-content\/uploads\/2025\/03\/projects-1.jpg 506w, https:\/\/lacasadelscreen.com\/sitio\/wp-content\/uploads\/2025\/03\/projects-1-300x197.jpg 300w\" sizes=\"(max-width: 506px) 100vw, 506px\" title=\"Cursos\">\t\t\t\t\t\t\t\t\t\t\t\t\t\t\t<\/div>\n\t\t\t\t<div class=\"elementor-element elementor-element-d798723 elementor-widget elementor-widget-image\" data-id=\"d798723\" data-element_type=\"widget\" data-e-type=\"widget\" data-widget_type=\"image.default\">\n\t\t\t\t\t\t\t\t\t\t\t\t\t\t\t<img decoding=\"async\" width=\"506\" height=\"333\" src=\"https:\/\/lacasadelscreen.com\/sitio\/wp-content\/uploads\/2025\/03\/projects-2.jpg\" class=\"attachment-full size-full wp-image-394\" alt=\"projects 2\" srcset=\"https:\/\/lacasadelscreen.com\/sitio\/wp-content\/uploads\/2025\/03\/projects-2.jpg 506w, https:\/\/lacasadelscreen.com\/sitio\/wp-content\/uploads\/2025\/03\/projects-2-300x197.jpg 300w\" sizes=\"(max-width: 506px) 100vw, 506px\" title=\"Cursos\">\t\t\t\t\t\t\t\t\t\t\t\t\t\t\t<\/div>\n\t\t\t\t<div class=\"elementor-element elementor-element-7e29131 elementor-widget elementor-widget-image\" data-id=\"7e29131\" data-element_type=\"widget\" data-e-type=\"widget\" data-widget_type=\"image.default\">\n\t\t\t\t\t\t\t\t\t\t\t\t\t\t\t<img decoding=\"async\" width=\"506\" height=\"333\" src=\"https:\/\/lacasadelscreen.com\/sitio\/wp-content\/uploads\/2025\/03\/projects-3.jpg\" class=\"attachment-full size-full wp-image-395\" alt=\"projects 3\" srcset=\"https:\/\/lacasadelscreen.com\/sitio\/wp-content\/uploads\/2025\/03\/projects-3.jpg 506w, https:\/\/lacasadelscreen.com\/sitio\/wp-content\/uploads\/2025\/03\/projects-3-300x197.jpg 300w\" sizes=\"(max-width: 506px) 100vw, 506px\" title=\"Cursos\">\t\t\t\t\t\t\t\t\t\t\t\t\t\t\t<\/div>\n\t\t\t\t<div class=\"elementor-element elementor-element-2fc306c elementor-widget elementor-widget-image\" data-id=\"2fc306c\" data-element_type=\"widget\" data-e-type=\"widget\" data-widget_type=\"image.default\">\n\t\t\t\t\t\t\t\t\t\t\t\t\t\t\t<img loading=\"lazy\" decoding=\"async\" width=\"506\" height=\"333\" src=\"https:\/\/lacasadelscreen.com\/sitio\/wp-content\/uploads\/2025\/03\/projects-4.jpg\" class=\"attachment-full size-full wp-image-396\" alt=\"projects 4\" srcset=\"https:\/\/lacasadelscreen.com\/sitio\/wp-content\/uploads\/2025\/03\/projects-4.jpg 506w, https:\/\/lacasadelscreen.com\/sitio\/wp-content\/uploads\/2025\/03\/projects-4-300x197.jpg 300w\" sizes=\"(max-width: 506px) 100vw, 506px\" title=\"Cursos\">\t\t\t\t\t\t\t\t\t\t\t\t\t\t\t<\/div>\n\t\t\t\t<div class=\"elementor-element elementor-element-cc8b14a elementor-widget elementor-widget-image\" data-id=\"cc8b14a\" data-element_type=\"widget\" data-e-type=\"widget\" data-widget_type=\"image.default\">\n\t\t\t\t\t\t\t\t\t\t\t\t\t\t\t<img loading=\"lazy\" decoding=\"async\" width=\"506\" height=\"333\" src=\"https:\/\/lacasadelscreen.com\/sitio\/wp-content\/uploads\/2025\/03\/projects-5.jpg\" class=\"attachment-full size-full wp-image-397\" alt=\"projects 5\" srcset=\"https:\/\/lacasadelscreen.com\/sitio\/wp-content\/uploads\/2025\/03\/projects-5.jpg 506w, https:\/\/lacasadelscreen.com\/sitio\/wp-content\/uploads\/2025\/03\/projects-5-300x197.jpg 300w\" sizes=\"(max-width: 506px) 100vw, 506px\" title=\"Cursos\">\t\t\t\t\t\t\t\t\t\t\t\t\t\t\t<\/div>\n\t\t\t\t<div class=\"elementor-element elementor-element-6b0e1da elementor-widget elementor-widget-image\" data-id=\"6b0e1da\" data-element_type=\"widget\" data-e-type=\"widget\" data-widget_type=\"image.default\">\n\t\t\t\t\t\t\t\t\t\t\t\t\t\t\t<img loading=\"lazy\" decoding=\"async\" width=\"506\" height=\"333\" src=\"https:\/\/lacasadelscreen.com\/sitio\/wp-content\/uploads\/2025\/03\/projects-6.jpg\" class=\"attachment-full size-full wp-image-398\" alt=\"projects 6\" srcset=\"https:\/\/lacasadelscreen.com\/sitio\/wp-content\/uploads\/2025\/03\/projects-6.jpg 506w, https:\/\/lacasadelscreen.com\/sitio\/wp-content\/uploads\/2025\/03\/projects-6-300x197.jpg 300w\" sizes=\"(max-width: 506px) 100vw, 506px\" title=\"Cursos\">\t\t\t\t\t\t\t\t\t\t\t\t\t\t\t<\/div>\n\t\t\t\t<div class=\"elementor-element elementor-element-89e53dd elementor-widget elementor-widget-image\" data-id=\"89e53dd\" data-element_type=\"widget\" data-e-type=\"widget\" data-widget_type=\"image.default\">\n\t\t\t\t\t\t\t\t\t\t\t\t\t\t\t<img loading=\"lazy\" decoding=\"async\" width=\"506\" height=\"333\" src=\"https:\/\/lacasadelscreen.com\/sitio\/wp-content\/uploads\/2025\/03\/projects-7.jpg\" class=\"attachment-full size-full wp-image-399\" alt=\"projects 7\" srcset=\"https:\/\/lacasadelscreen.com\/sitio\/wp-content\/uploads\/2025\/03\/projects-7.jpg 506w, https:\/\/lacasadelscreen.com\/sitio\/wp-content\/uploads\/2025\/03\/projects-7-300x197.jpg 300w\" sizes=\"(max-width: 506px) 100vw, 506px\" title=\"Cursos\">\t\t\t\t\t\t\t\t\t\t\t\t\t\t\t<\/div>\n\t\t\t\t<div class=\"elementor-element elementor-element-5da79a7 elementor-widget elementor-widget-image\" data-id=\"5da79a7\" data-element_type=\"widget\" data-e-type=\"widget\" data-widget_type=\"image.default\">\n\t\t\t\t\t\t\t\t\t\t\t\t\t\t\t<img loading=\"lazy\" decoding=\"async\" width=\"506\" height=\"333\" src=\"https:\/\/lacasadelscreen.com\/sitio\/wp-content\/uploads\/2025\/03\/projects-8.jpg\" class=\"attachment-full size-full wp-image-400\" alt=\"projects 8\" srcset=\"https:\/\/lacasadelscreen.com\/sitio\/wp-content\/uploads\/2025\/03\/projects-8.jpg 506w, https:\/\/lacasadelscreen.com\/sitio\/wp-content\/uploads\/2025\/03\/projects-8-300x197.jpg 300w\" sizes=\"(max-width: 506px) 100vw, 506px\" title=\"Cursos\">\t\t\t\t\t\t\t\t\t\t\t\t\t\t\t<\/div>\n\t\t\t\t<div class=\"elementor-element elementor-element-5fddbe7 elementor-widget elementor-widget-image\" data-id=\"5fddbe7\" data-element_type=\"widget\" data-e-type=\"widget\" data-widget_type=\"image.default\">\n\t\t\t\t\t\t\t\t\t\t\t\t\t\t\t<img decoding=\"async\" width=\"506\" height=\"333\" src=\"https:\/\/lacasadelscreen.com\/sitio\/wp-content\/uploads\/2025\/03\/projects-2.jpg\" class=\"attachment-full size-full wp-image-394\" alt=\"projects 2\" srcset=\"https:\/\/lacasadelscreen.com\/sitio\/wp-content\/uploads\/2025\/03\/projects-2.jpg 506w, https:\/\/lacasadelscreen.com\/sitio\/wp-content\/uploads\/2025\/03\/projects-2-300x197.jpg 300w\" sizes=\"(max-width: 506px) 100vw, 506px\" title=\"Cursos\">\t\t\t\t\t\t\t\t\t\t\t\t\t\t\t<\/div>\n\t\t\t\t<\/div>\n\t\t\t\t\t<\/div>\n\t\t\t\t<\/div>\n\t\t<div class=\"elementor-element elementor-element-455e2eb e-flex e-con-boxed e-con e-parent\" data-id=\"455e2eb\" data-element_type=\"container\" data-e-type=\"container\" data-settings=\"{&quot;background_background&quot;:&quot;classic&quot;}\">\n\t\t\t\t\t<div class=\"e-con-inner\">\n\t\t<div class=\"elementor-element elementor-element-afa18c3 e-con-full e-flex e-con e-child\" data-id=\"afa18c3\" data-element_type=\"container\" data-e-type=\"container\">\n\t\t\t\t<div class=\"elementor-element elementor-element-ca830f3 elementor-widget elementor-widget-heading\" data-id=\"ca830f3\" data-element_type=\"widget\" data-e-type=\"widget\" data-widget_type=\"heading.default\">\n\t\t\t\t\t<h2 class=\"elementor-heading-title elementor-size-default\">Ready to transform your outdoor space?<\/h2>\t\t\t\t<\/div>\n\t\t\t\t<div class=\"elementor-element elementor-element-f989f13 elementor-widget elementor-widget-text-editor\" data-id=\"f989f13\" data-element_type=\"widget\" data-e-type=\"widget\" data-widget_type=\"text-editor.default\">\n\t\t\t\t\t\t\t\t\tContact us today to schedule a consultation or to learn more about our services.\t\t\t\t\t\t\t\t<\/div>\n\t\t\t\t<div class=\"elementor-element elementor-element-b13b230 elementor-widget elementor-widget-button\" data-id=\"b13b230\" data-element_type=\"widget\" data-e-type=\"widget\" data-widget_type=\"button.default\">\n\t\t\t\t\t\t\t\t\t\t<a class=\"elementor-button elementor-button-link elementor-size-sm\" href=\"#\">\n\t\t\t\t\t\t<span class=\"elementor-button-content-wrapper\">\n\t\t\t\t\t\t\t\t\t<span class=\"elementor-button-text\">Get A Free Quote<\/span>\n\t\t\t\t\t<\/span>\n\t\t\t\t\t<\/a>\n\t\t\t\t\t\t\t\t<\/div>\n\t\t\t\t<\/div>\n\t\t\t\t\t<\/div>\n\t\t\t\t<\/div>\n\t\t\t\t<\/div>\n\t\t","protected":false},"excerpt":{"rendered":"<p>CURSO BASICO DE SERIGRAF\u00cdA PRESENCIAL EN: BOGOT\u00c1 Y MEDELL\u00cdN Our Projects Our Stunning Projects Ready to transform your outdoor space? [&hellip;]<\/p>\n","protected":false},"author":1,"featured_media":0,"parent":0,"menu_order":0,"comment_status":"closed","ping_status":"closed","template":"","meta":{"site-sidebar-layout":"no-sidebar","site-content-layout":"","ast-site-content-layout":"full-width-container","site-content-style":"unboxed","site-sidebar-style":"unboxed","ast-global-header-display":"","ast-banner-title-visibility":"","ast-main-header-display":"","ast-hfb-above-header-display":"","ast-hfb-below-header-display":"","ast-hfb-mobile-header-display":"","site-post-title":"disabled","ast-breadcrumbs-content":"","ast-featured-img":"disabled","footer-sml-layout":"","ast-disable-related-posts":"","theme-transparent-header-meta":"enabled","adv-header-id-meta":"","stick-header-meta":"","header-above-stick-meta":"","header-main-stick-meta":"","header-below-stick-meta":"","astra-migrate-meta-layouts":"default","ast-page-background-enabled":"default","ast-page-background-meta":{"desktop":{"background-color":"var(--ast-global-color-4)","background-image":"","background-repeat":"repeat","background-position":"center center","background-size":"auto","background-attachment":"scroll","background-type":"","background-media":"","overlay-type":"","overlay-color":"","overlay-opacity":"","overlay-gradient":""},"tablet":{"background-color":"","background-image":"","background-repeat":"repeat","background-position":"center center","background-size":"auto","background-attachment":"scroll","background-type":"","background-media":"","overlay-type":"","overlay-color":"","overlay-opacity":"","overlay-gradient":""},"mobile":{"background-color":"","background-image":"","background-repeat":"repeat","background-position":"center center","background-size":"auto","background-attachment":"scroll","background-type":"","background-media":"","overlay-type":"","overlay-color":"","overlay-opacity":"","overlay-gradient":""}},"ast-content-background-meta":{"desktop":{"background-color":"var(--ast-global-color-5)","background-image":"","background-repeat":"repeat","background-position":"center center","background-size":"auto","background-attachment":"scroll","background-type":"","background-media":"","overlay-type":"","overlay-color":"","overlay-opacity":"","overlay-gradient":""},"tablet":{"background-color":"var(--ast-global-color-5)","background-image":"","background-repeat":"repeat","background-position":"center center","background-size":"auto","background-attachment":"scroll","background-type":"","background-media":"","overlay-type":"","overlay-color":"","overlay-opacity":"","overlay-gradient":""},"mobile":{"background-color":"var(--ast-global-color-5)","background-image":"","background-repeat":"repeat","background-position":"center center","background-size":"auto","background-attachment":"scroll","background-type":"","background-media":"","overlay-type":"","overlay-color":"","overlay-opacity":"","overlay-gradient":""}},"footnotes":""},"class_list":["post-8964","page","type-page","status-publish","hentry"],"_links":{"self":[{"href":"https:\/\/lacasadelscreen.com\/sitio\/wp-json\/wp\/v2\/pages\/8964","targetHints":{"allow":["GET"]}}],"collection":[{"href":"https:\/\/lacasadelscreen.com\/sitio\/wp-json\/wp\/v2\/pages"}],"about":[{"href":"https:\/\/lacasadelscreen.com\/sitio\/wp-json\/wp\/v2\/types\/page"}],"author":[{"embeddable":true,"href":"https:\/\/lacasadelscreen.com\/sitio\/wp-json\/wp\/v2\/users\/1"}],"replies":[{"embeddable":true,"href":"https:\/\/lacasadelscreen.com\/sitio\/wp-json\/wp\/v2\/comments?post=8964"}],"version-history":[{"count":34,"href":"https:\/\/lacasadelscreen.com\/sitio\/wp-json\/wp\/v2\/pages\/8964\/revisions"}],"predecessor-version":[{"id":9352,"href":"https:\/\/lacasadelscreen.com\/sitio\/wp-json\/wp\/v2\/pages\/8964\/revisions\/9352"}],"wp:attachment":[{"href":"https:\/\/lacasadelscreen.com\/sitio\/wp-json\/wp\/v2\/media?parent=8964"}],"curies":[{"name":"wp","href":"https:\/\/api.w.org\/{rel}","templated":true}]}}